{"id":28,"date":"2024-08-29T21:05:24","date_gmt":"2024-08-29T21:05:24","guid":{"rendered":"https:\/\/www.sokolsvojetice.cz\/?page_id=28"},"modified":"2024-10-01T18:39:12","modified_gmt":"2024-10-01T18:39:12","slug":"kontakty","status":"publish","type":"page","link":"https:\/\/www.sokolsvojetice.cz\/?page_id=28","title":{"rendered":"Kontakty"},"content":{"rendered":"\n<p style=\"font-size:22px\">P\u0159edseda spolku &#8211; <strong>\u010cin\u00e1tl Pavel<\/strong>, 732426614<\/p>\n\n\n\n<p style=\"font-size:22px\">M\u00edstop\u0159edseda &#8211; <strong>Novotn\u00fd Petr<\/strong>, 607917728<\/p>\n\n\n\n<p style=\"font-size:22px\">Sekret\u00e1\u0159 &#8211; <strong>Novotn\u00fd Miloslav<\/strong>, 730475071<\/p>\n\n\n\n<p style=\"font-size:22px\">Ml\u00e1de\u017e &#8211; <strong>Novotn\u00fd Miloslav<\/strong>, 730475071<br><br>Kontaktujte n\u00e1s na email &#8211; <strong>sokol<\/strong>@<strong>sokolsvojetice.cz<\/strong><br>Rezervace h\u0159i\u0161\u0165 &#8211; <strong>rezervace<\/strong>@<strong>sokolsvojetice.cz<\/strong><\/p>\n\n\n\n<p><\/p>\n","protected":false},"excerpt":{"rendered":"<p>P\u0159edseda spolku &#8211; \u010cin\u00e1tl Pavel, 732426614 M\u00edstop\u0159edseda &#8211; Novotn\u00fd Petr, 607917728 Sekret\u00e1\u0159 &#8211; Novotn\u00fd Miloslav, 730475071 Ml\u00e1de\u017e &#8211; Novotn\u00fd Miloslav, [&hellip;]<\/p>\n","protected":false},"author":1,"featured_media":0,"parent":0,"menu_order":0,"comment_status":"closed","ping_status":"closed","template":"","meta":{"site-sidebar-layout":"default","site-content-layout":"","ast-site-content-layout":"normal-width-container","site-content-style":"boxed","site-sidebar-style":"default","ast-global-header-display":"","ast-banner-title-visibility":"","ast-main-header-display":"","ast-hfb-above-header-display":"","ast-hfb-below-header-display":"","ast-hfb-mobile-header-display":"","site-post-title":"","ast-breadcrumbs-content":"","ast-featured-img":"","footer-sml-layout":"","theme-transparent-header-meta":"","adv-header-id-meta":"","stick-header-meta":"","header-above-stick-meta":"","header-main-stick-meta":"","header-below-stick-meta":"","astra-migrate-meta-layouts":"default","ast-page-background-enabled":"default","ast-page-background-meta":{"desktop":{"background-color":"var(--ast-global-color-4)","background-image":"","background-repeat":"repeat","background-position":"center center","background-size":"auto","background-attachment":"scroll","background-type":"","background-media":"","overlay-type":"","overlay-color":"","overlay-opacity":"","overlay-gradient":""},"tablet":{"background-color":"","background-image":"","background-repeat":"repeat","background-position":"center center","background-size":"auto","background-attachment":"scroll","background-type":"","background-media":"","overlay-type":"","overlay-color":"","overlay-opacity":"","overlay-gradient":""},"mobile":{"background-color":"","background-image":"","background-repeat":"repeat","background-position":"center center","background-size":"auto","background-attachment":"scroll","background-type":"","background-media":"","overlay-type":"","overlay-color":"","overlay-opacity":"","overlay-gradient":""}},"ast-content-background-meta":{"desktop":{"background-color":"var(--ast-global-color-5)","background-image":"","background-repeat":"repeat","background-position":"center center","background-size":"auto","background-attachment":"scroll","background-type":"","background-media":"","overlay-type":"","overlay-color":"","overlay-opacity":"","overlay-gradient":""},"tablet":{"background-color":"var(--ast-global-color-5)","background-image":"","background-repeat":"repeat","background-position":"center center","background-size":"auto","background-attachment":"scroll","background-type":"","background-media":"","overlay-type":"","overlay-color":"","overlay-opacity":"","overlay-gradient":""},"mobile":{"background-color":"var(--ast-global-color-5)","background-image":"","background-repeat":"repeat","background-position":"center center","background-size":"auto","background-attachment":"scroll","background-type":"","background-media":"","overlay-type":"","overlay-color":"","overlay-opacity":"","overlay-gradient":""}},"footnotes":""},"class_list":["post-28","page","type-page","status-publish","hentry"],"_links":{"self":[{"href":"https:\/\/www.sokolsvojetice.cz\/index.php?rest_route=\/wp\/v2\/pages\/28","targetHints":{"allow":["GET"]}}],"collection":[{"href":"https:\/\/www.sokolsvojetice.cz\/index.php?rest_route=\/wp\/v2\/pages"}],"about":[{"href":"https:\/\/www.sokolsvojetice.cz\/index.php?rest_route=\/wp\/v2\/types\/page"}],"author":[{"embeddable":true,"href":"https:\/\/www.sokolsvojetice.cz\/index.php?rest_route=\/wp\/v2\/users\/1"}],"replies":[{"embeddable":true,"href":"https:\/\/www.sokolsvojetice.cz\/index.php?rest_route=%2Fwp%2Fv2%2Fcomments&post=28"}],"version-history":[{"count":16,"href":"https:\/\/www.sokolsvojetice.cz\/index.php?rest_route=\/wp\/v2\/pages\/28\/revisions"}],"predecessor-version":[{"id":305,"href":"https:\/\/www.sokolsvojetice.cz\/index.php?rest_route=\/wp\/v2\/pages\/28\/revisions\/305"}],"wp:attachment":[{"href":"https:\/\/www.sokolsvojetice.cz\/index.php?rest_route=%2Fwp%2Fv2%2Fmedia&parent=28"}],"curies":[{"name":"wp","href":"https:\/\/api.w.org\/{rel}","templated":true}]}}