{"id":3,"date":"2024-09-01T17:49:02","date_gmt":"2024-09-01T17:49:02","guid":{"rendered":"http:\/\/localhost\/wordpress\/?page_id=3"},"modified":"2024-09-01T17:49:02","modified_gmt":"2024-09-01T17:49:02","slug":"privacy-policy","status":"publish","type":"page","link":"https:\/\/www.sokolsvojetice.cz\/?page_id=3","title":{"rendered":"Privacy Policy"},"content":{"rendered":"\n<h1 class=\"wp-block-heading\">Cookies<\/h1>\n\n\n\n<p><strong>HTTP cookie<\/strong><br>Jako cookie (anglicky kol\u00e1\u010dek, oplatka, su\u0161enka) se v&nbsp;protokolu HTTP ozna\u010duje mal\u00e9 mno\u017estv\u00ed dat, kter\u00e1 WWW server po\u0161le prohl\u00ed\u017ee\u010di, kter\u00fd je ulo\u017e\u00ed na po\u010d\u00edta\u010di u\u017eivatele. P\u0159i&nbsp;ka\u017ed\u00e9 dal\u0161\u00ed n\u00e1v\u0161t\u011bv\u011b t\u00e9ho\u017e serveru pak prohl\u00ed\u017ee\u010d tato data pos\u00edl\u00e1 zp\u011bt serveru. Cookies b\u011b\u017en\u011b slou\u017e\u00ed k&nbsp;rozli\u0161ov\u00e1n\u00ed jednotliv\u00fdch u\u017eivatel\u016f, ukl\u00e1daj\u00ed se do nich u\u017eivatelsk\u00e9 p\u0159edvolby apod. My\u0161lenku cookies navrhl v&nbsp;90.&nbsp;letech Lou Montulli, tehdy pracuj\u00edc\u00ed u&nbsp;firmy Netscape Communications. N\u00e1zev cookie \u2013 su\u0161enka asociuje zvyklost ze Spojen\u00fdch st\u00e1t\u016f nebo Velk\u00e9 Brit\u00e1nie nab\u00eddnout \u00fa\u010dastn\u00edk\u016fm ur\u010dit\u00e9ho z\u00e1jmov\u00e9ho spolku nebo skupiny jejich obl\u00edbenou su\u0161enku pro vytvo\u0159en\u00ed p\u0159\u00edjemn\u011bj\u0161\u00ed atmosf\u00e9ry.<\/p>\n\n\n\n<p><strong>Bezpe\u010dnost a&nbsp;ochrana soukrom\u00ed<br><\/strong>Cookies neznamenaj\u00ed \u017e\u00e1dn\u00e9 nebezpe\u010d\u00ed pro po\u010d\u00edta\u010d jako takov\u00fd. P\u0159esto cookies mohou b\u00fdt nebezpe\u010dn\u00e9 pro ochranu soukrom\u00ed. Nav\u0161t\u00edven\u00fd web si toti\u017e m\u016f\u017ee ukl\u00e1dat do cookies jak\u00e9koliv informace, kter\u00e9 o&nbsp;n\u00e1v\u0161t\u011bvn\u00edkovi zjist\u00ed a&nbsp;m\u016f\u017ee tak postupn\u011b zji\u0161\u0165ovat z\u00e1jmy konkr\u00e9tn\u00edho n\u00e1v\u0161t\u011bvn\u00edka. Kter\u00e9 str\u00e1nky nav\u0161t\u011bvuje, jak\u00e9 informace vyhled\u00e1v\u00e1, jak \u010dasto dan\u00fd web nav\u0161t\u011bvuje apod.<\/p>\n\n\n\n<p>T\u011bchto informac\u00ed se d\u00e1 posl\u00e9ze i&nbsp;bez v\u011bdom\u00ed n\u00e1v\u0161t\u011bvn\u00edka vyu\u017e\u00edvat pro c\u00edlenou reklamu, statistick\u00e9 vyhodnocov\u00e1n\u00ed chov\u00e1n\u00ed n\u00e1v\u0161t\u011bvn\u00edk\u016f, apod.<\/p>\n\n\n\n<p>Tyto informace v\u0161ak lze z\u00edsk\u00e1vat i&nbsp;bez cookies, proto toto jejich vyu\u017eit\u00ed nem\u016f\u017ee b\u00fdt pova\u017eov\u00e1no za zvl\u00e1\u0161\u0165 nebezpe\u010dn\u00e9. Nap\u0159\u00edklad NSA vyu\u017e\u00edv\u00e1 \u201cevercookie\u201d ke sledov\u00e1n\u00ed u\u017eivatel\u016f.<\/p>\n\n\n\n<p>Cookies lze zneu\u017e\u00edt zejm\u00e9na tehdy, pokud z\u00edsk\u00e1 \u00fato\u010dn\u00edk p\u0159\u00edstup k&nbsp;po\u010d\u00edta\u010di u\u017eivatele, nebo\u0165 cookies na po\u010d\u00edta\u010di nejsou nijak chr\u00e1n\u011bny. Pak lze p\u0159edst\u00edrat nap\u0159.&nbsp;ciz\u00ed identitu.<\/p>\n\n\n\n<p><strong>Su\u0161enkov\u00fd z\u00e1kon<br><\/strong>Podle sm\u011brnice Evropsk\u00e9 unie (a&nbsp;tomu odpov\u00eddaj\u00edc\u00ed novele z\u00e1kona \u010d.&nbsp;468\/2011 Sb.) mus\u00ed www server poskytnout u\u017eivateli informaci o&nbsp;pou\u017e\u00edv\u00e1n\u00ed cookies a&nbsp;z\u00edskat u\u017eivatel\u016fv souhlas je\u0161t\u011b p\u0159ed t\u00edm, ne\u017e se cookie ulo\u017e\u00ed do u\u017eivatelova po\u010d\u00edta\u010de. V\u00fdsledek je ten, \u017ee na podzim roku 2015 velk\u00e9 mno\u017estv\u00ed web\u016f zobrazuje informa\u010dn\u00ed pruh o&nbsp;pou\u017eit\u00ed cookies, kter\u00fd lze odstranit potvrzen\u00edm souhlasu tla\u010d\u00edtkem na n\u011bm um\u00edst\u011bn\u00fdm (tato funkcionalita obvykle pou\u017e\u00edv\u00e1 cookies).<\/p>\n\n\n\n<p><strong>Stru\u010dn\u011b \u0159e\u010deno<br><\/strong>Z va\u0161ich n\u00e1v\u0161t\u011bv \u010derp\u00e1me spoustu informac\u00ed, nap\u0159\u00edklad dok\u00e1\u017eeme vy\u010d\u00edst, odkud jste p\u0159i\u0161li, co pou\u017e\u00edv\u00e1te za opera\u010dn\u00ed syst\u00e9m, jestli jste na na\u0161\u00ed str\u00e1nce z&nbsp;po\u010d\u00edta\u010de nebo mobiln\u00edho za\u0159\u00edzen\u00ed a&nbsp;spousty dal\u0161\u00edch drobn\u00fdch informac\u00ed. Tyto informace jsou pro n\u00e1s zaj\u00edmav\u00e9 z&nbsp;d\u016fvodu statistiky a&nbsp;slou\u017e\u00ed d\u00e1le jako podklady pro zlep\u0161en\u00ed na\u0161ich str\u00e1nek a&nbsp;pou\u017e\u00edvan\u00fdch funkc\u00ed, ale nic z&nbsp;toho nebude pou\u017eito abychom v\u00e1m n\u011bjak cht\u011bli ubl\u00ed\u017eit.<\/p>\n\n\n\n<p>Pro tento obsah byl vyu\u017eit zdroj: <a href=\"https:\/\/cs.wikipedia.org\/wiki\/HTTP_cookie\" target=\"_blank\" rel=\"noreferrer noopener\">https:\/\/cs.wikipedia.org<\/a><\/p>\n","protected":false},"excerpt":{"rendered":"<p>Cookies HTTP cookieJako cookie (anglicky kol\u00e1\u010dek, oplatka, su\u0161enka) se v&nbsp;protokolu HTTP ozna\u010duje mal\u00e9 mno\u017estv\u00ed dat, kter\u00e1 WWW server po\u0161le prohl\u00ed\u017ee\u010di, [&hellip;]<\/p>\n","protected":false},"author":1,"featured_media":0,"parent":0,"menu_order":0,"comment_status":"closed","ping_status":"open","template":"","meta":{"site-sidebar-layout":"default","site-content-layout":"","ast-site-content-layout":"default","site-content-style":"default","site-sidebar-style":"default","ast-global-header-display":"","ast-banner-title-visibility":"","ast-main-header-display":"","ast-hfb-above-header-display":"","ast-hfb-below-header-display":"","ast-hfb-mobile-header-display":"","site-post-title":"","ast-breadcrumbs-content":"","ast-featured-img":"","footer-sml-layout":"","theme-transparent-header-meta":"","adv-header-id-meta":"","stick-header-meta":"","header-above-stick-meta":"","header-main-stick-meta":"","header-below-stick-meta":"","astra-migrate-meta-layouts":"default","ast-page-background-enabled":"default","ast-page-background-meta":{"desktop":{"background-color":"var(--ast-global-color-4)","background-image":"","background-repeat":"repeat","background-position":"center center","background-size":"auto","background-attachment":"scroll","background-type":"","background-media":"","overlay-type":"","overlay-color":"","overlay-opacity":"","overlay-gradient":""},"tablet":{"background-color":"","background-image":"","background-repeat":"repeat","background-position":"center center","background-size":"auto","background-attachment":"scroll","background-type":"","background-media":"","overlay-type":"","overlay-color":"","overlay-opacity":"","overlay-gradient":""},"mobile":{"background-color":"","background-image":"","background-repeat":"repeat","background-position":"center center","background-size":"auto","background-attachment":"scroll","background-type":"","background-media":"","overlay-type":"","overlay-color":"","overlay-opacity":"","overlay-gradient":""}},"ast-content-background-meta":{"desktop":{"background-color":"var(--ast-global-color-5)","background-image":"","background-repeat":"repeat","background-position":"center center","background-size":"auto","background-attachment":"scroll","background-type":"","background-media":"","overlay-type":"","overlay-color":"","overlay-opacity":"","overlay-gradient":""},"tablet":{"background-color":"var(--ast-global-color-5)","background-image":"","background-repeat":"repeat","background-position":"center center","background-size":"auto","background-attachment":"scroll","background-type":"","background-media":"","overlay-type":"","overlay-color":"","overlay-opacity":"","overlay-gradient":""},"mobile":{"background-color":"var(--ast-global-color-5)","background-image":"","background-repeat":"repeat","background-position":"center center","background-size":"auto","background-attachment":"scroll","background-type":"","background-media":"","overlay-type":"","overlay-color":"","overlay-opacity":"","overlay-gradient":""}},"footnotes":""},"class_list":["post-3","page","type-page","status-publish","hentry"],"_links":{"self":[{"href":"https:\/\/www.sokolsvojetice.cz\/index.php?rest_route=\/wp\/v2\/pages\/3","targetHints":{"allow":["GET"]}}],"collection":[{"href":"https:\/\/www.sokolsvojetice.cz\/index.php?rest_route=\/wp\/v2\/pages"}],"about":[{"href":"https:\/\/www.sokolsvojetice.cz\/index.php?rest_route=\/wp\/v2\/types\/page"}],"author":[{"embeddable":true,"href":"https:\/\/www.sokolsvojetice.cz\/index.php?rest_route=\/wp\/v2\/users\/1"}],"replies":[{"embeddable":true,"href":"https:\/\/www.sokolsvojetice.cz\/index.php?rest_route=%2Fwp%2Fv2%2Fcomments&post=3"}],"version-history":[{"count":1,"href":"https:\/\/www.sokolsvojetice.cz\/index.php?rest_route=\/wp\/v2\/pages\/3\/revisions"}],"predecessor-version":[{"id":107,"href":"https:\/\/www.sokolsvojetice.cz\/index.php?rest_route=\/wp\/v2\/pages\/3\/revisions\/107"}],"wp:attachment":[{"href":"https:\/\/www.sokolsvojetice.cz\/index.php?rest_route=%2Fwp%2Fv2%2Fmedia&parent=3"}],"curies":[{"name":"wp","href":"https:\/\/api.w.org\/{rel}","templated":true}]}}