{"id":86,"date":"2024-09-01T17:26:30","date_gmt":"2024-09-01T17:26:30","guid":{"rendered":"https:\/\/www.sokolsvojetice.cz\/?page_id=86"},"modified":"2024-10-01T18:40:34","modified_gmt":"2024-10-01T18:40:34","slug":"sponzori","status":"publish","type":"page","link":"https:\/\/www.sokolsvojetice.cz\/?page_id=86","title":{"rendered":"Sponzo\u0159i"},"content":{"rendered":"\n<p><\/p>\n\n\n\n<p class=\"has-large-font-size\"><strong><a href=\"https:\/\/svojetice.cz\/\" target=\"_blank\" rel=\"noreferrer noopener\">Obec Svojetice<\/a><\/strong><\/p>\n\n\n\n<p style=\"font-size:22px\">Moc si cen\u00edme podpory ze strany obce Svojetice.<br>Z hlediska zachov\u00e1n\u00ed chodu klubu z d\u016fvodu n\u00e1r\u016fstu n\u00e1klad\u016f na provoz je neoceniteln\u00fd. D\u00edky n\u011bmu m\u016f\u017eeme uvolnit ostatn\u00ed prost\u0159edky na budouc\u00ed v\u00fdchovu ml\u00e1de\u017ee, n\u00e1kup sportovn\u00edho vybaven\u00ed a v neposledn\u00ed \u0159ad\u011b i na \u00fadr\u017ebu sportovn\u00edho are\u00e1lu.<br>Sportovn\u00ed are\u00e1l je vyu\u017e\u00edv\u00e1n st\u00e1le v\u00edce nov\u00fdmi \u010dleny klubu a v nejbli\u017e\u0161\u00ed dob\u011b o\u010dek\u00e1v\u00e1me n\u00e1r\u016fst nov\u00fdch \u010dlen\u016f v oblasti znovuzalo\u017een\u00ed ml\u00e1de\u017enick\u00fdch kategori\u00ed. Stal se i oddychov\u011b sportovn\u00edm prost\u0159ed\u00edm pro nespo\u010det u\u017eivatel\u016f z obce a \u0161irok\u00e9ho okol\u00ed.<br>Va\u0161e podpora je pro n\u00e1s nesm\u00edrn\u011b d\u016fle\u017eit\u00e1 a v\u00e1\u017e\u00edme si toho, \u017ee stoj\u00edte za na\u0161\u00edm klubem. T\u011b\u0161\u00edme se na dal\u0161\u00ed sez\u00f3nu a douf\u00e1me, \u017ee budeme moci i nad\u00e1le reprezentovat na\u0161i obec.<\/p>\n\n\n\n<p><\/p>\n\n\n\n<p><\/p>\n\n\n\n<p><\/p>\n\n\n\n<p class=\"has-large-font-size\"><br><strong><a href=\"https:\/\/www.durek-vykopy.cz\/\" target=\"_blank\" rel=\"noreferrer noopener\">V\u00fdkopov\u00e9 pr\u00e1ce Durek<\/a><\/strong><\/p>\n\n\n\n<p style=\"font-size:22px\">R\u00e1di bychom pod\u011bkovali panu Durkovi za finan\u010dn\u00ed podporu, kterou jsme vyu\u017eili na provoz a chod klubu, jeho podpora je pro n\u00e1s nesm\u00edrn\u011b d\u016fle\u017eit\u00e1 a velmi si v\u00e1\u017e\u00edme toho, \u017ee podpo\u0159il na\u0161i \u010dinnost. Je skv\u011bl\u00e9 vid\u011bt, \u017ee i firmy, jako je ta Va\u0161e, maj\u00ed velk\u00e9 srdce a ochotu pom\u00e1hat. Va\u0161e firma zam\u011b\u0159en\u00e1 na v\u00fdkopov\u00e9 pr\u00e1ce odv\u00e1d\u00ed skv\u011blou pr\u00e1ci a jsme r\u00e1di, \u017ee m\u016f\u017eeme po\u010d\u00edtat s Va\u0161\u00ed podporou.<\/p>\n\n\n\n<p style=\"font-size:25px\">Kontakt: Durek Miroslav &#8211; miroslav@durek-vykopy.cz, +420777322134<\/p>\n\n\n\n<p><\/p>\n","protected":false},"excerpt":{"rendered":"<p>Obec Svojetice Moc si cen\u00edme podpory ze strany obce Svojetice.Z hlediska zachov\u00e1n\u00ed chodu klubu z d\u016fvodu n\u00e1r\u016fstu n\u00e1klad\u016f na provoz [&hellip;]<\/p>\n","protected":false},"author":1,"featured_media":0,"parent":0,"menu_order":0,"comment_status":"closed","ping_status":"closed","template":"","meta":{"site-sidebar-layout":"default","site-content-layout":"","ast-site-content-layout":"normal-width-container","site-content-style":"boxed","site-sidebar-style":"default","ast-global-header-display":"","ast-banner-title-visibility":"","ast-main-header-display":"","ast-hfb-above-header-display":"","ast-hfb-below-header-display":"","ast-hfb-mobile-header-display":"","site-post-title":"","ast-breadcrumbs-content":"","ast-featured-img":"","footer-sml-layout":"","theme-transparent-header-meta":"","adv-header-id-meta":"","stick-header-meta":"","header-above-stick-meta":"","header-main-stick-meta":"","header-below-stick-meta":"","astra-migrate-meta-layouts":"default","ast-page-background-enabled":"default","ast-page-background-meta":{"desktop":{"background-color":"var(--ast-global-color-4)","background-image":"","background-repeat":"repeat","background-position":"center center","background-size":"auto","background-attachment":"scroll","background-type":"","background-media":"","overlay-type":"","overlay-color":"","overlay-opacity":"","overlay-gradient":""},"tablet":{"background-color":"","background-image":"","background-repeat":"repeat","background-position":"center center","background-size":"auto","background-attachment":"scroll","background-type":"","background-media":"","overlay-type":"","overlay-color":"","overlay-opacity":"","overlay-gradient":""},"mobile":{"background-color":"","background-image":"","background-repeat":"repeat","background-position":"center center","background-size":"auto","background-attachment":"scroll","background-type":"","background-media":"","overlay-type":"","overlay-color":"","overlay-opacity":"","overlay-gradient":""}},"ast-content-background-meta":{"desktop":{"background-color":"var(--ast-global-color-5)","background-image":"","background-repeat":"repeat","background-position":"center center","background-size":"auto","background-attachment":"scroll","background-type":"","background-media":"","overlay-type":"","overlay-color":"","overlay-opacity":"","overlay-gradient":""},"tablet":{"background-color":"var(--ast-global-color-5)","background-image":"","background-repeat":"repeat","background-position":"center center","background-size":"auto","background-attachment":"scroll","background-type":"","background-media":"","overlay-type":"","overlay-color":"","overlay-opacity":"","overlay-gradient":""},"mobile":{"background-color":"var(--ast-global-color-5)","background-image":"","background-repeat":"repeat","background-position":"center center","background-size":"auto","background-attachment":"scroll","background-type":"","background-media":"","overlay-type":"","overlay-color":"","overlay-opacity":"","overlay-gradient":""}},"footnotes":""},"class_list":["post-86","page","type-page","status-publish","hentry"],"_links":{"self":[{"href":"https:\/\/www.sokolsvojetice.cz\/index.php?rest_route=\/wp\/v2\/pages\/86","targetHints":{"allow":["GET"]}}],"collection":[{"href":"https:\/\/www.sokolsvojetice.cz\/index.php?rest_route=\/wp\/v2\/pages"}],"about":[{"href":"https:\/\/www.sokolsvojetice.cz\/index.php?rest_route=\/wp\/v2\/types\/page"}],"author":[{"embeddable":true,"href":"https:\/\/www.sokolsvojetice.cz\/index.php?rest_route=\/wp\/v2\/users\/1"}],"replies":[{"embeddable":true,"href":"https:\/\/www.sokolsvojetice.cz\/index.php?rest_route=%2Fwp%2Fv2%2Fcomments&post=86"}],"version-history":[{"count":15,"href":"https:\/\/www.sokolsvojetice.cz\/index.php?rest_route=\/wp\/v2\/pages\/86\/revisions"}],"predecessor-version":[{"id":306,"href":"https:\/\/www.sokolsvojetice.cz\/index.php?rest_route=\/wp\/v2\/pages\/86\/revisions\/306"}],"wp:attachment":[{"href":"https:\/\/www.sokolsvojetice.cz\/index.php?rest_route=%2Fwp%2Fv2%2Fmedia&parent=86"}],"curies":[{"name":"wp","href":"https:\/\/api.w.org\/{rel}","templated":true}]}}