{"id":88,"date":"2024-09-01T17:33:49","date_gmt":"2024-09-01T17:33:49","guid":{"rendered":"https:\/\/www.sokolsvojetice.cz\/?page_id=88"},"modified":"2025-02-24T09:13:33","modified_gmt":"2025-02-24T08:13:33","slug":"multifunkcni-hriste","status":"publish","type":"page","link":"https:\/\/www.sokolsvojetice.cz\/?page_id=88","title":{"rendered":"Multifunk\u010dn\u00ed h\u0159i\u0161t\u011b"},"content":{"rendered":"\n<p style=\"font-size:22px\"><strong>Multifunk\u010dn\u00ed h\u0159i\u0161t\u011b je sportovn\u00ed are\u00e1l<\/strong> ur\u010den\u00fd pro \u0161irokou \u0161k\u00e1lu sportovn\u00edch aktivit, jako jsou <strong>kopan\u00e1<\/strong>, <strong>nohejbal<\/strong>, <strong>h\u00e1zen\u00e1<\/strong>, <strong>basketbal<\/strong>, <strong>volejbal<\/strong>, <strong>tenis, atletika, rugby, lakros, cvi\u010den\u00ed <\/strong>a dal\u0161\u00ed.<\/p>\n\n\n\n<p style=\"font-size:22px\">Nov\u011b vybudovan\u00e9 h\u0159i\u0161t\u011b bylo slavnostn\u011b otev\u0159eno 21. 9. 2024 a p\u0159ed\u00e1no do u\u017e\u00edv\u00e1n\u00ed na\u0161\u00ed TJ Sokol Svojetice. Je opat\u0159eno um\u011bl\u00fdm povrchem a vybaveno pat\u0159i\u010dn\u00fdm sportovn\u00edm vybaven\u00edm, kter\u00e9 m\u016f\u017ee vyu\u017e\u00edvat n\u00e1\u0161 spolek, r\u016fzn\u00e9 sportovn\u00ed odd\u00edly, z\u00e1jmov\u00e9 organizace, \u0161koly, m\u00edstn\u00ed ob\u010dan\u00e9 nebo kter\u00e1koliv sportuj\u00edc\u00ed ve\u0159ejnost.<br>Celkov\u00e1 cena d\u00edla na akci <em>&#8222;Rekonstrukce budovy z\u00e1zem\u00ed TJ Sokol Svojetice a v\u00fdstavby multifunk\u010dn\u00edho h\u0159i\u0161t\u011b&#8220;<\/em> byla ve v\u00fd\u0161i 11,6 mil. K\u010d. <strong>V\u00fdznamnou dotac\u00ed na tuto akci p\u0159isp\u011bla N\u00e1rodn\u00ed sportovn\u00ed agentura<\/strong> a to ve v\u00fd\u0161i cca 7,5 mil. K\u010d. <strong>Stavba byla d\u00e1le spolufinancov\u00e1na St\u0159edo\u010desk\u00fdm krajem a Obc\u00ed Svojetice<\/strong>. Od St\u0159edo\u010desk\u00e9ho kraje se poda\u0159ilo z\u00edskat dotaci na kabiny sportovc\u016f ve v\u00fd\u0161i 0,6 mil. K\u010d.<br><strong>V\u00fdstavbu multifunk\u010dn\u00edho h\u0159i\u0161t\u011b a modernizaci z\u00e1zem\u00ed pro sportovce zajistila pan\u00ed starostka Mgr. Martina Vedralov\u00e1<\/strong>.<br><br><\/p>\n\n\n\n<p class=\"has-text-align-center\" style=\"font-size:25px\"><img loading=\"lazy\" decoding=\"async\" width=\"300\" height=\"53\" class=\"wp-image-166\" style=\"width: 300px;\" src=\"https:\/\/www.sokolsvojetice.cz\/wp-content\/uploads\/2024\/09\/logo-zelena.png\" alt=\"\" srcset=\"https:\/\/www.sokolsvojetice.cz\/wp-content\/uploads\/2024\/09\/logo-zelena.png 900w, https:\/\/www.sokolsvojetice.cz\/wp-content\/uploads\/2024\/09\/logo-zelena-300x53.png 300w, https:\/\/www.sokolsvojetice.cz\/wp-content\/uploads\/2024\/09\/logo-zelena-768x137.png 768w\" sizes=\"auto, (max-width: 300px) 100vw, 300px\" \/>      <img loading=\"lazy\" decoding=\"async\" width=\"300\" height=\"124\" class=\"wp-image-165\" style=\"width: 300px;\" src=\"https:\/\/www.sokolsvojetice.cz\/wp-content\/uploads\/2024\/09\/logo-nsa.png\" alt=\"\">      <img loading=\"lazy\" decoding=\"async\" width=\"300\" height=\"53\" class=\"wp-image-164\" style=\"width: 300px;\" src=\"https:\/\/www.sokolsvojetice.cz\/wp-content\/uploads\/2024\/09\/logo-sk.jpg\" alt=\"\" srcset=\"https:\/\/www.sokolsvojetice.cz\/wp-content\/uploads\/2024\/09\/logo-sk.jpg 736w, https:\/\/www.sokolsvojetice.cz\/wp-content\/uploads\/2024\/09\/logo-sk-300x53.jpg 300w\" sizes=\"auto, (max-width: 300px) 100vw, 300px\" \/><\/p>\n\n\n\n<p class=\"has-text-align-center has-large-font-size\">&gt;&gt;&gt; <strong><a href=\"https:\/\/www.sokolsvojetice.cz\/wp-content\/uploads\/2024\/09\/20240925-provozni-rad.pdf\" target=\"_blank\" rel=\"noreferrer noopener\">Provozn\u00ed \u0159\u00e1d multifunk\u010dn\u00edho h\u0159i\u0161t\u011b<\/a><\/strong> &lt;&lt;&lt;<\/p>\n\n\n\n<div class=\"wp-block-buttons alignwide is-content-justification-center is-layout-flex wp-container-core-buttons-is-layout-a89b3969 wp-block-buttons-is-layout-flex\">\n<div class=\"wp-block-button has-custom-width wp-block-button__width-25 has-custom-font-size is-style-fill\" style=\"font-size:35px\"><a class=\"wp-block-button__link has-background has-text-align-center wp-element-button\" href=\"https:\/\/sokol-svojetice2.reservio.com\" style=\"background-color:#529403\" target=\"_blank\" rel=\"noreferrer noopener\">REZERVOVAT<\/a><\/div>\n<\/div>\n\n\n\n<h3 class=\"wp-block-heading\" style=\"font-size:30px\">Otev\u00edrac\u00ed doba:<\/h3>\n\n\n\n<ul class=\"wp-block-list\">\n<li style=\"font-size:22px\">Provoz je <strong>celoro\u010dn\u00ed od 7:00 do 22:00<\/strong>, v z\u00e1vislosti na po\u010das\u00ed a sv\u011bteln\u00fdch podm\u00ednk\u00e1ch. H\u0159i\u0161t\u011b je vybaveno um\u011bl\u00fdm osv\u011btlen\u00edm.<\/li>\n<\/ul>\n\n\n\n<h2 class=\"wp-block-heading\" style=\"font-size:30px\">P\u0159\u00edsp\u011bvky na provoz od 1.1.2025:<\/h2>\n\n\n\n<ul class=\"wp-block-list\">\n<li style=\"font-size:22px\"><strong>M\u00edstn\u00ed &#8211; trvale hl\u00e1\u0161en\u00ed obyvatel\u00e9 <\/strong>maj\u00ed provoz h\u0159i\u0161t\u011b <strong>zdarma.<\/strong><\/li>\n\n\n\n<li style=\"font-size:22px\"><strong>Ostatn\u00ed n\u00e1v\u0161t\u011bvn\u00edci <\/strong>multifunk\u010dn\u00edho hri\u0161t\u011b <strong>p\u0159isp\u00edvaj\u00ed na provoz <\/strong>takto:\n<ul class=\"wp-block-list\">\n<li style=\"font-size:22px\"><strong>Vyu\u017eit\u00ed sportovi\u0161t\u011b za<\/strong> <strong>denn\u00edho sv\u011btla<\/strong>\n<ul class=\"wp-block-list\">\n<li style=\"font-size:22px\">Tenis 200,-\/hod<\/li>\n\n\n\n<li style=\"font-size:22px\">Basketbal, nohejbal, atletika, cvi\u010den\u00ed 300,-\/hod<\/li>\n\n\n\n<li style=\"font-size:22px\">Volejbal, kopan\u00e1, h\u00e1zen\u00e1, florbal, lakros, rugby 400,-\/hod<\/li>\n<\/ul>\n<\/li>\n\n\n\n<li style=\"font-size:22px\"><strong>Vyu\u017eit\u00ed sportovi\u0161t\u011b s um\u011bl\u00fdm osv\u011btlen\u00edm<\/strong>\n<ul class=\"wp-block-list\">\n<li style=\"font-size:22px\">Tenis 300,-\/hod<\/li>\n\n\n\n<li>Basketbal, nohejbal, atletika, cvi\u010den\u00ed 400,-\/hod<\/li>\n\n\n\n<li>Volejbal, kopan\u00e1, h\u00e1zen\u00e1, florbal, lakros, rugby 500,-\/hod<\/li>\n<\/ul>\n<\/li>\n<\/ul>\n<\/li>\n\n\n\n<li style=\"font-size:22px\">Ve\u0161ker\u00e9 \u00fahrady jsou vyb\u00edr\u00e1ny <strong>v hotovosti.<\/strong><\/li>\n<\/ul>\n\n\n\n<h3 class=\"wp-block-heading\" style=\"font-size:30px\">Rezervace:<\/h3>\n\n\n\n<ul class=\"wp-block-list\">\n<li style=\"font-size:22px\"><strong>H\u0159i\u0161t\u011b je mo\u017en\u00e9 rezervovat p\u0159edem telefonicky<\/strong> nebo online prost\u0159ednictv\u00edm rezerva\u010dn\u00edho syst\u00e9mu (moment\u00e1ln\u011b v p\u0159\u00edprav\u011b).<\/li>\n\n\n\n<li style=\"font-size:22px\"><strong>Spr\u00e1vcem multifunk\u010dn\u00edho h\u0159i\u0161t\u011b je pan Novotn\u00fd Miloslav<\/strong>. <br>Pro rezervace a dal\u0161\u00ed informace jej m\u016f\u017eete kontaktovat na tel. \u010d\u00edsle <strong>730475071 <\/strong>nebo e-mailem na <strong>rezervace@sokolsvojetice.cz<\/strong><\/li>\n<\/ul>\n\n\n\n<h3 class=\"wp-block-heading\" style=\"font-size:30px\">Vybaven\u00ed:<\/h3>\n\n\n\n<ul class=\"wp-block-list\">\n<li style=\"font-size:22px\"><strong>H\u0159i\u0161t\u011b je vybaveno univerz\u00e1ln\u00edm povrchem s barevn\u00fdm lajnov\u00e1n\u00edm pro r\u016fzn\u00e9 sporty<\/strong>.<\/li>\n\n\n\n<li style=\"font-size:22px\">K dispozici jsou branky, s\u00edt\u011b, m\u00ed\u010de pro r\u016fzn\u00e9 sporty a dal\u0161\u00ed sportovn\u00ed vybaven\u00ed.<\/li>\n\n\n\n<li style=\"font-size:22px\">V are\u00e1lu je k dispozici soci\u00e1ln\u00ed za\u0159\u00edzen\u00ed i lavi\u010dky pro n\u00e1v\u0161t\u011bvn\u00edky.<\/li>\n\n\n\n<li style=\"font-size:22px\"><strong>Na bezpe\u010dn\u00fd provoz h\u0159i\u0161t\u011b dohl\u00ed\u017e\u00ed kamerov\u00fd syst\u00e9m<\/strong>.<\/li>\n<\/ul>\n\n\n\n<h3 class=\"wp-block-heading\" style=\"font-size:30px\">Pravidla u\u017e\u00edv\u00e1n\u00ed:<\/h3>\n\n\n\n<ul class=\"wp-block-list\">\n<li style=\"font-size:22px\"><strong>Vstup <\/strong>na h\u0159i\u0161t\u011b je povolen <strong>pouze ve sportovn\u00ed obuvi, kter\u00e1 nepo\u0161kozuje povrch.<\/strong><\/li>\n\n\n\n<li style=\"font-size:22px\"><strong>Ka\u017ed\u00fd u\u017eivatel je povinen dodr\u017eovat Provozn\u00ed \u0159\u00e1d.<\/strong><\/li>\n\n\n\n<li style=\"font-size:22px\">V p\u0159\u00edpad\u011b nep\u0159\u00edzniv\u00e9ho po\u010das\u00ed (d\u00e9\u0161\u0165, sn\u00edh, mr\u00e1z) m\u016f\u017ee b\u00fdt h\u0159i\u0161t\u011b uzav\u0159eno.<\/li>\n<\/ul>\n\n\n\n<p><\/p>\n\n\n\n<p class=\"has-text-align-left\" style=\"font-size:30px\"><strong><a href=\"https:\/\/www.sokolsvojetice.cz\/wp-content\/uploads\/2024\/09\/20240925-provozni-rad.pdf\" target=\"_blank\" rel=\"noreferrer noopener\">Kompletn\u00ed provozn\u00ed \u0159\u00e1d multifunk\u010dn\u00edho h\u0159i\u0161t\u011b<\/a><\/strong><\/p>\n\n\n\n<p><\/p>\n","protected":false},"excerpt":{"rendered":"<p>Multifunk\u010dn\u00ed h\u0159i\u0161t\u011b je sportovn\u00ed are\u00e1l ur\u010den\u00fd pro \u0161irokou \u0161k\u00e1lu sportovn\u00edch aktivit, jako jsou kopan\u00e1, nohejbal, h\u00e1zen\u00e1, basketbal, volejbal, tenis, atletika, [&hellip;]<\/p>\n","protected":false},"author":1,"featured_media":0,"parent":0,"menu_order":0,"comment_status":"closed","ping_status":"closed","template":"","meta":{"site-sidebar-layout":"default","site-content-layout":"","ast-site-content-layout":"normal-width-container","site-content-style":"boxed","site-sidebar-style":"default","ast-global-header-display":"","ast-banner-title-visibility":"","ast-main-header-display":"","ast-hfb-above-header-display":"","ast-hfb-below-header-display":"","ast-hfb-mobile-header-display":"","site-post-title":"","ast-breadcrumbs-content":"","ast-featured-img":"","footer-sml-layout":"","theme-transparent-header-meta":"","adv-header-id-meta":"","stick-header-meta":"","header-above-stick-meta":"","header-main-stick-meta":"","header-below-stick-meta":"","astra-migrate-meta-layouts":"default","ast-page-background-enabled":"default","ast-page-background-meta":{"desktop":{"background-color":"var(--ast-global-color-4)","background-image":"","background-repeat":"repeat","background-position":"center center","background-size":"auto","background-attachment":"scroll","background-type":"","background-media":"","overlay-type":"","overlay-color":"","overlay-opacity":"","overlay-gradient":""},"tablet":{"background-color":"","background-image":"","background-repeat":"repeat","background-position":"center center","background-size":"auto","background-attachment":"scroll","background-type":"","background-media":"","overlay-type":"","overlay-color":"","overlay-opacity":"","overlay-gradient":""},"mobile":{"background-color":"","background-image":"","background-repeat":"repeat","background-position":"center center","background-size":"auto","background-attachment":"scroll","background-type":"","background-media":"","overlay-type":"","overlay-color":"","overlay-opacity":"","overlay-gradient":""}},"ast-content-background-meta":{"desktop":{"background-color":"var(--ast-global-color-5)","background-image":"","background-repeat":"repeat","background-position":"center center","background-size":"auto","background-attachment":"scroll","background-type":"","background-media":"","overlay-type":"","overlay-color":"","overlay-opacity":"","overlay-gradient":""},"tablet":{"background-color":"var(--ast-global-color-5)","background-image":"","background-repeat":"repeat","background-position":"center center","background-size":"auto","background-attachment":"scroll","background-type":"","background-media":"","overlay-type":"","overlay-color":"","overlay-opacity":"","overlay-gradient":""},"mobile":{"background-color":"var(--ast-global-color-5)","background-image":"","background-repeat":"repeat","background-position":"center center","background-size":"auto","background-attachment":"scroll","background-type":"","background-media":"","overlay-type":"","overlay-color":"","overlay-opacity":"","overlay-gradient":""}},"footnotes":""},"class_list":["post-88","page","type-page","status-publish","hentry"],"_links":{"self":[{"href":"https:\/\/www.sokolsvojetice.cz\/index.php?rest_route=\/wp\/v2\/pages\/88","targetHints":{"allow":["GET"]}}],"collection":[{"href":"https:\/\/www.sokolsvojetice.cz\/index.php?rest_route=\/wp\/v2\/pages"}],"about":[{"href":"https:\/\/www.sokolsvojetice.cz\/index.php?rest_route=\/wp\/v2\/types\/page"}],"author":[{"embeddable":true,"href":"https:\/\/www.sokolsvojetice.cz\/index.php?rest_route=\/wp\/v2\/users\/1"}],"replies":[{"embeddable":true,"href":"https:\/\/www.sokolsvojetice.cz\/index.php?rest_route=%2Fwp%2Fv2%2Fcomments&post=88"}],"version-history":[{"count":98,"href":"https:\/\/www.sokolsvojetice.cz\/index.php?rest_route=\/wp\/v2\/pages\/88\/revisions"}],"predecessor-version":[{"id":354,"href":"https:\/\/www.sokolsvojetice.cz\/index.php?rest_route=\/wp\/v2\/pages\/88\/revisions\/354"}],"wp:attachment":[{"href":"https:\/\/www.sokolsvojetice.cz\/index.php?rest_route=%2Fwp%2Fv2%2Fmedia&parent=88"}],"curies":[{"name":"wp","href":"https:\/\/api.w.org\/{rel}","templated":true}]}}